{"id":35269,"date":"2023-01-31T11:17:05","date_gmt":"2023-01-31T10:17:05","guid":{"rendered":"https:\/\/www.vevu.hr\/development-of-public-administration\/prijasnje-konferencije\/"},"modified":"2023-12-15T12:43:40","modified_gmt":"2023-12-15T11:43:40","slug":"previous-conferences","status":"publish","type":"page","link":"https:\/\/www.vevu.hr\/en\/development-of-public-administration\/previous-conferences\/","title":{"rendered":"Previous Conferences"},"content":{"rendered":"<h3>Konferencija 2023<\/h3>\n<p>Izvje\u0161taj sa odr\u017eane konferencije mo\u017eete vidjeti <a href=\"https:\/\/www.vevu.hr\/en\/successfully-held-13th-international-conference-on-development-of-public-administration\/\">ovdje<\/a>.<\/p>\n<h3>Konferencija 2022<\/h3>\n<p>Izvje\u0161taj sa odr\u017eane konferencije mo\u017eete vidjeti <a href=\"https:\/\/www.vevu.hr\/en\/international-conference-development-of-public-administration-successfully-held\/\" target=\"_blank\" rel=\"noopener\">ovdje<\/a>.<\/p>\n<h3>Konferencija 2021<\/h3>\n<p>Izvje\u0161taj sa odr\u017eane konferencije mo\u017eete vidjeti <a href=\"https:\/\/www.vevu.hr\/odrzana-11-medunarodna-konferencija-razvoj-javne-uprave\/\" target=\"_blank\" rel=\"noopener\">ovdje<\/a>.<\/p>\n<h3>Konferencija 2020<\/h3>\n<p>Pregledaj galeriju na cijelom ekranu\u00a0<a href=\"https:\/\/albumizr.com\/a\/JFlm\" target=\"_blank\" rel=\"noopener\">ovdje<\/a>.<br \/>\n<iframe src=\"https:\/\/albumizr.com\/a\/JFlm\" width=\"100%\" height=\"400\" frameborder=\"0\" allowfullscreen=\"allowfullscreen\"><\/iframe><\/p>\n<h3>Konferencija 2019<\/h3>\n<p>Pregledaj galeriju na cijelom ekranu\u00a0<a href=\"https:\/\/albumizr.com\/a\/uldv\" target=\"_blank\" rel=\"noopener\">ovdje<\/a>.<br \/>\n<iframe src=\"https:\/\/albumizr.com\/a\/uldv\" width=\"100%\" height=\"400\" frameborder=\"0\" allowfullscreen=\"allowfullscreen\"><span style=\"display: inline-block; width: 0px; overflow: hidden; line-height: 0;\" data-mce-type=\"bookmark\" class=\"mce_SELRES_start\">\ufeff<\/span><\/iframe><\/p>\n<h3>Konferencija 2018<\/h3>\n<p>Pregledaj galeriju na cijelom ekranu\u00a0<a href=\"https:\/\/albumizr.com\/a\/T-h8\" target=\"_blank\" rel=\"noopener\">ovdje<\/a>.<br \/>\n<iframe src=\"https:\/\/albumizr.com\/a\/T-h8\" width=\"100%\" height=\"400\" frameborder=\"0\" allowfullscreen=\"allowfullscreen\"><\/iframe><\/p>\n<h3>Konferencija 2017<\/h3>\n<p>Pregledaj galeriju na cijelom ekranu\u00a0<a href=\"https:\/\/albumizr.com\/a\/AT4D\" target=\"_blank\" rel=\"noopener\">ovdje<\/a>.<br \/>\n<iframe src=\"https:\/\/albumizr.com\/a\/AT4D\" width=\"100%\" height=\"400\" frameborder=\"0\" allowfullscreen=\"allowfullscreen\"><\/iframe><\/p>\n<h3>Konferencija 2016<\/h3>\n<p>Pregledaj galeriju na cijelom ekranu\u00a0<a href=\"https:\/\/albumizr.com\/a\/XoLZ\" target=\"_blank\" rel=\"noopener\">ovdje<\/a>.<br \/>\n<iframe src=\"https:\/\/albumizr.com\/a\/XoLZ\" width=\"100%\" height=\"400\" frameborder=\"0\" allowfullscreen=\"allowfullscreen\"><\/iframe><\/p>\n<h3>Konferencija 2015<\/h3>\n<div>U organizaciji Veleu\u010dili\u0161ta \u201eLavoslav Ru\u017ei\u010dka\u201c u Vukovaru 08. i 09. svibnja 2015. godine odr\u017eana je 5. Me\u0111unarodna konferencija \u201eRazvoj javne uprave\u201c sa sredi\u0161njom temom\u00a0Ljudski potencijali u javnoj upravi kao klju\u010dan element razvoja.<\/div>\n<p>Otvaranje konferencije je odr\u017eano u hotelu \u201eLav\u201c u Vukovaru, a nazo\u010dnima su se obratili zamjenik \u017eupana Vukovarsko-srijemske \u017eupanije \u017deljko Cirba, Sanja Toki\u0107, pro\u010delnica Upravnog odjela za op\u0107e poslove i ured gradona\u010delnika, v.d. dekanice mr.sc. Sandra Mrvica Ma\u0111arac i tajnica konferencije \u017deljka Vajda Halak, dipl.iur.<\/p>\n<p>Naglasak ovogodi\u0161nje konferencije bio je na ljudskim potencijalima koji su klju\u010dni element za prevladavanje svih pote\u0161ko\u0107a s kojima se javna uprava svakodnevno susre\u0107e. Na konferenciji je sudjelovalo 68 autora, stru\u010dnjaka i znanstvenika sa ukupno 44 rada koji su s razli\u010ditih aspekata pristupili problematici javne uprave.<\/p>\n<p>Na konferenciji su se potpisala i dva Sporazuma o suradnji sa Pravnim fakultetom iz Pe\u010duha i Pravnim fakultetom iz Tuzle. Prodekan za nastavu Pravnog fakulteta iz Pe\u010duha dr.sc. Adrian Fabian i dekan Pravnog fakulteta iz Tuzle dr.sc. Izudin Hasanovi\u0107 istakli su va\u017enost potpisivanja Sporazuma sa Veleu\u010dili\u0161tem \u201eLavoslav Ru\u017ei\u010dka\u201c u Vukovaru. Potpisivanjem Sporazuma stvorio se temelj me\u0111usobne suradnje za razmjenu nastavnika i studenata, organizaciju znanstveno-stru\u010dnih skupova te pripremu i provedbu projekata.<\/p>\n<p>Ova dvodnevna konferencija bila je mjesto razmjene iskustava, dobrih praksi i izno\u0161enja raznih problema kao i prednosti javne uprave.<\/p>\n<p>Zahvaljujemo se svima koji su pomogli odr\u017eavanju konferencije i svim sudionicima konferencije s nadom da se vidimo i idu\u0107e godine!<\/p>\n<h4>Galerija<\/h4>\n<p>Pregledaj galeriju na cijelom ekranu\u00a0<a href=\"https:\/\/albumizr.com\/a\/hvBp\" target=\"_blank\" rel=\"noopener\">ovdje<\/a>.<br \/>\n<iframe src=\"https:\/\/albumizr.com\/a\/hvBp\" width=\"100%\" height=\"400\" frameborder=\"0\" allowfullscreen=\"allowfullscreen\"><\/iframe><\/p>\n<h3>Konferencija 2014<\/h3>\n<p>U organizaciji Veleu\u010dili\u0161ta Lavoslav Ru\u017ei\u010dka u Vukovaru 25. i 26. travnja odr\u017eana je 4. Me\u0111unarodna konferencija \u201eRazvoj javne uprave\u201c sa sredi\u0161njom temom \u201eMogu\u0107nosti unaprje\u0111enja i modernizacija javne uprave u Republici Hrvatskoj\u201c.<\/p>\n<p>Otvaranje konferencije je odr\u017eano u hotelu \u201eLav\u201c u Vukovaru, a otvaranju su nazo\u010dili: zamjenik \u017eupana Vukovarsko-srijemske \u017eupanije \u017deljko Cirba, predstojnik Ureda dr\u017eavne uprave u Vukovarsko-srijemskoj \u017eupaniji Goran Bo\u0161njak, predsjednik Upravog suda u Osijeku Bo\u017eidar Horvat, voditelj vukovarskog Podru\u010dnog centra Instituta dru\u0161tvenih znanosti Ivo Pilar dr.sc. Dra\u017een \u017divi\u0107, pro\u010delnica Hrvatskog zavoda za zapo\u0161ljavanje Podru\u010dne slu\u017ebe Vukovar Jasna Kolar, ravnatelj Dr\u017eavnog arhiva u Vukovaru Stjepan Prutki, predsjednik Upravnog vije\u0107a Veleu\u010dili\u0161ta Sini\u0161a Kuki\u0107, \u010dlanovi Upravnog vije\u0107a, \u010dlanovi Programskog odbora konferencije, autori radova te nastavnici i studenti Veleu\u010dili\u0161ta.<br \/>\nTematska podru\u010dja konferencije bila su usmjerena na razli\u010dite aspekte funkcioniranja javne uprave s naglaskom na mogu\u0107nosti unaprje\u0111enja, europeizaciju javne uprave, na\u010dine financiranja, razvoj dru\u0161tva i javnih slu\u017ebi, ali i na menad\u017ement i marketing javne uprave s ciljem podizanja kvalitete javne uprave.<br \/>\nNa konferenciji je sudjelovalo 100 autora iz zemlje i okru\u017eenja sa 59 znanstvenih i stru\u010dnih radova s teorijskim i prakti\u010dnim prikazima.<br \/>\nZahvaljujemo se svima koji su pomogli odr\u017eavanju konferencije i svim sudionicima konferencije s nadom da se vidimo i idu\u0107e godine!<\/p>\n<h4>Galerija<\/h4>\n<p>Pregledaj galeriju na cijelom ekranu\u00a0<a href=\"https:\/\/albumizr.com\/a\/4BKk\" target=\"_blank\" rel=\"noopener\">ovdje<\/a>.<br \/>\n<iframe src=\"https:\/\/albumizr.com\/a\/4BKk\" width=\"100%\" height=\"400\" frameborder=\"0\" allowfullscreen=\"allowfullscreen\"><\/iframe><\/p>\n<h3>Konferencija 2013<\/h3>\n<p>U organizaciji Veleu\u010dili\u0161ta Lavoslav Ru\u017ei\u010dka u Vukovaru 19. i 20. travnja 2013. odr\u017eana je 3. Me\u0111unarodna znanstveno-stru\u010dna konferencija \u201eRazvoj javne uprave &#8211; funkcioniranje javne uprave u upravno-pravnom prostoru Europske unije.<\/p>\n<p>Konferencija je u potpunosti ispunila postavljena o\u010dekivanja &#8211; vi\u0161e od 100 autora sudjelovalo je s vi\u0161e od 70 radova predstavljenih u plenarnom dijelu ili u pojedinim radnim skupinama.<\/p>\n<p>Od iznimnog zna\u010daja bilo je sudjelovanje predstavnika partnerskih visokoobrazovnih institucija iz Hrvatske i iz inozemstva te eminentnih stru\u010dnjaka iz podru\u010dja javne uprave iz Hrvatske, Bosne i Hercegovine, Ma\u0111arske, Slova\u010dke i Srbije.<\/p>\n<p>Druga skupina sudionika koja je od poebnog zna\u010daja su studenti Veleu\u010dili\u0161ta &#8211; osim \u0161to su nam pomogli u svim fazama organizacije i provedbe Konferencije, bili su i aktivni sudionici zajedno sa svojim nastavnicima autori su odli\u010dnih radova.<\/p>\n<p>Zbornik sa\u017eetaka tiskan je prije konferencije, kao i Zbornik radova koji je objavljen na CD-u.<\/p>\n<p>U nadi da smo bili dobri doma\u0107ini, veselimo se 4. Konferenciji idu\u0107e godine.<\/p>\n<h4>Galerija<\/h4>\n<p>Pregledaj galeriju na cijelom ekranu\u00a0<a href=\"https:\/\/albumizr.com\/a\/cixV\" target=\"_blank\" rel=\"noopener\">ovdje<\/a>.<br \/>\n<iframe src=\"https:\/\/albumizr.com\/a\/cixV\" width=\"100%\" height=\"400\" frameborder=\"0\" allowfullscreen=\"allowfullscreen\"><\/iframe><\/p>\n<h3>Konferencija 2012<\/h3>\n<p>Pregledaj galeriju na cijelom ekranu\u00a0<a href=\"https:\/\/albumizr.com\/skins\/bandana\/index.php?key=oriu\" target=\"_blank\" rel=\"noopener\">ovdje<\/a>.<br \/>\n<iframe src=\"https:\/\/albumizr.com\/a\/oriu\" width=\"100%\" height=\"400\" frameborder=\"0\" allowfullscreen=\"allowfullscreen\"><\/iframe><\/p>\n<h3>Konferencija 2011<\/h3>\n<p>Pod pokroviteljstvom Ministarstva uprave Republike Hrvatske, Veleu\u010dili\u0161te Lavoslava Ru\u017ei\u010dke u Vukovaru priredilo je 27. i 28. svibnja 2011. u vukovarskome Hotelu\u00a0<em>Lav<\/em>\u00a0prvu Me\u0111unarodnu konferenciju\u00a0<em>Razvoj javne uprave<\/em>. U nazo\u010dnosti ministra uprave g. Davorina Mlakara, izaslanika ministra znanosti, obrazovanja i sporta g. Mirka Smolji\u0107a, vukovarsko-srijemskoga \u017eupana g. Bo\u017ee Gali\u0107a i vukovarskog gradona\u010delnika g. \u017deljka Saboa, sudionike i uzvanike, njih preko 60, uvodno je pozdravio dekan Veleu\u010dili\u0161ta prof. dr. sc. Antun Pintari\u0107.<\/p>\n<p>Uz zahvalu pokrovitelju i Organizacijskome odboru, u svome govoru dekan Pintari\u0107 upoznao je nazo\u010dne s kratkom povije\u0161\u0107u Veleu\u010dili\u0161ta i istaknuo da samo dobro ustrojena javna uprava predstavlja jamstvo dobroga i uspje\u0161nog dru\u0161tva i osigurava u\u010dinkovito rje\u0161avanje potreba svojih gra\u0111ana. Sudionici skupa, ugledni sveu\u010dili\u0161ni i veleu\u010dili\u0161ni predava\u010di u podru\u010dju pravnih znanosti i gospodarstva iz Hrvatske, Bosne i Hercegovine i Republike Srbije te (grado)na\u010delnici i djelatnici doma\u0107ih i inozemnih ustanova poput Centra za europsku dokumentaciju i istra\u017eivanje\u00a0<em>Robert Schuman<\/em>, Centra za mir, nenasilje i ljudska prava, Dr\u017eavnoga ureda za reviziju, Hrvatskoga dr\u017eavnog arhiva, Hrvatskoga zavoda za zapo\u0161ljavanje, Hrvatskoga zavoda za zdravstveno osiguranje, Instituta za kvalitetu i razvoj ljudskih potencijala, Lu\u010dke uprave Vukovar, Trgova\u010dkoga suda u Osijeku, Zagreba\u010dke \u017eupanije i sl., zalo\u017eili su se u svojim izlaganjima i razmjeni mi\u0161ljenja, nastupima i zaklju\u010dnoj raspravi za ve\u0107u javnost rada u upravi, bolji uvid u njezino postupanje te njezin gra\u0111anski nadzor, a sve sa svrhom prilagodbe i izgradnje novih upravnih ustanova u dru\u0161tvima ovoga podru\u010dja, poglavito u svjetlu skoroga hrvatskog priklju\u010denja Europskoj Uniji, u kojoj samo znanje i razvijenost dr\u017eave i njezinih (javnoupravnih) ustanova mogu predstavljati \u010dvrstu osnovu za daljnje udru\u017eivanje i povezivanje. Pravi poticaj zanimljivoj raspravi i zaklju\u010dcima nakon izlaganja svakako su dali i vrsni voditelji (dr. sc. Jadran Antolovi\u0107, doc. dr. sc. Boris Bakota, prof. dr. sc. Vlado Belaj, prodekan za nastavu na Veleu\u010dili\u0161tu dr. sc. Milorad \u0106upurdija, doc. dr. sc. Mirko Klari\u0107, prof. dr. sc. Renata Peri\u0107, prof. dr. sc. Marinko \u0110. U\u010dur) i znala\u010dki uvodni\u010dari, poput gg. Borisa Bla\u017eini\u0107a, Ivice \u010cule i Nevena \u0160imca.<\/p>\n<p>Gosti su tako\u0111er razgledali grad Vukovar i prostore Veleu\u010dili\u0161ta u pratnji prodekana za razvoj prof. dr. sc. Tihomira \u017divi\u0107a i vodi\u010da iz vukovarskoga\u00a0<em>Danubium Toursa<\/em>, a odali su i po\u010dast poginulima u Domovinskome ratu na spomen-grobljima na Ov\u010dari i u Vukovaru. Posljednjega dana Konferencije uprili\u010den je i izlet, pa su sudionici imali prigodu nastaviti razgovor i posjetiti Ilok, najisto\u010dniji hrvatski grad, u kojemu su se zadr\u017eali u ugodnome dru\u017eenju u\u00a0<em>Ilo\u010dkim podrumima<\/em>\u00a0i na Principovcu.<\/p>\n<p>U svojim izjavama nakon savjetovanja sudionici su izrazili zadovoljstvo uspje\u0161nom priredbom skupa, pohvaliv\u0161i zamisao o sazivu 2. Me\u0111unarodne konferencije o razvoju javne uprave dogodine. Sve to veliki je zalog, ali i obveza za pobolj\u0161anja na idu\u0107oj Konferenciji.<\/p>\n<p><a href=\"https:\/\/www.vevu.hr\/konferencija\/upload\/15\/NACRT_ZAVRSNOG_DOKUMENTA.pdf\" target=\"_blank\" rel=\"noopener\">Nacrt zavr\u0161nog dokumenta<\/a><\/p>\n<h4>Galerija<\/h4>\n<p>Pregledaj galeriju na cijelom ekranu <a href=\"https:\/\/albumizr.com\/skins\/bandana\/index.php?key=hea4\" target=\"_blank\" rel=\"noopener\">ovdje<\/a>.<br \/>\n<iframe src=\"https:\/\/albumizr.com\/a\/hea4\" width=\"100%\" height=\"400\" frameborder=\"0\" allowfullscreen=\"allowfullscreen\"><\/iframe><\/p>\n","protected":false},"excerpt":{"rendered":"<p>Konferencija 2023 Izvje\u0161taj sa odr\u017eane konferencije mo\u017eete vidjeti ovdje. Konferencija 2022 Izvje\u0161taj sa odr\u017eane konferencije mo\u017eete vidjeti ovdje. Konferencija 2021 Izvje\u0161taj sa odr\u017eane konferencije mo\u017eete vidjeti ovdje. Konferencija 2020 Pregledaj galeriju na cijelom ekranu\u00a0ovdje. Konferencija 2019 Pregledaj galeriju na cijelom ekranu\u00a0ovdje. \ufeff Konferencija 2018 Pregledaj galeriju na cijelom ekranu\u00a0ovdje. Konferencija 2017 Pregledaj galeriju na cijelom [&hellip;]<\/p>\n","protected":false},"author":3,"featured_media":0,"parent":35247,"menu_order":0,"comment_status":"closed","ping_status":"closed","template":"page_with_read_more.php","meta":{"_acf_changed":false,"footnotes":""},"class_list":["post-35269","page","type-page","status-publish","hentry"],"acf":[],"_links":{"self":[{"href":"https:\/\/www.vevu.hr\/en\/wp-json\/wp\/v2\/pages\/35269","targetHints":{"allow":["GET"]}}],"collection":[{"href":"https:\/\/www.vevu.hr\/en\/wp-json\/wp\/v2\/pages"}],"about":[{"href":"https:\/\/www.vevu.hr\/en\/wp-json\/wp\/v2\/types\/page"}],"author":[{"embeddable":true,"href":"https:\/\/www.vevu.hr\/en\/wp-json\/wp\/v2\/users\/3"}],"replies":[{"embeddable":true,"href":"https:\/\/www.vevu.hr\/en\/wp-json\/wp\/v2\/comments?post=35269"}],"version-history":[{"count":4,"href":"https:\/\/www.vevu.hr\/en\/wp-json\/wp\/v2\/pages\/35269\/revisions"}],"predecessor-version":[{"id":35308,"href":"https:\/\/www.vevu.hr\/en\/wp-json\/wp\/v2\/pages\/35269\/revisions\/35308"}],"up":[{"embeddable":true,"href":"https:\/\/www.vevu.hr\/en\/wp-json\/wp\/v2\/pages\/35247"}],"wp:attachment":[{"href":"https:\/\/www.vevu.hr\/en\/wp-json\/wp\/v2\/media?parent=35269"}],"curies":[{"name":"wp","href":"https:\/\/api.w.org\/{rel}","templated":true}]}}