{"id":35253,"date":"2023-01-31T10:24:56","date_gmt":"2023-01-31T09:24:56","guid":{"rendered":"https:\/\/www.vevu.hr\/development-of-public-administration\/odbori\/"},"modified":"2026-02-05T10:07:20","modified_gmt":"2026-02-05T09:07:20","slug":"committees","status":"publish","type":"page","link":"https:\/\/www.vevu.hr\/en\/development-of-public-administration\/committees\/","title":{"rendered":"Committees"},"content":{"rendered":"<h2><strong>ORGANIZING COMMITTEE:<\/strong><\/h2>\n<ol>\n<li>\n<h5 class=\"cvGsUA direction-ltr align-justify para-style-body\"><span class=\"a_GcMg font-feature-liga-off font-feature-clig-off font-feature-calt-off text-decoration-none text-strikethrough-none\">Ljubo Runji\u0107, president<\/span><\/h5>\n<\/li>\n<li>\n<h5 class=\"cvGsUA direction-ltr align-justify para-style-body\"><span class=\"a_GcMg font-feature-liga-off font-feature-clig-off font-feature-calt-off text-decoration-none text-strikethrough-none\">\u017deljko Sudari\u0107, member<\/span><\/h5>\n<\/li>\n<li>\n<h5 class=\"cvGsUA direction-ltr align-justify para-style-body\"><span class=\"a_GcMg font-feature-liga-off font-feature-clig-off font-feature-calt-off text-decoration-none text-strikethrough-none\">Dragan Zlatovi\u0107, member<\/span><\/h5>\n<\/li>\n<li>\n<h5 class=\"cvGsUA direction-ltr align-justify para-style-body\"><span class=\"a_GcMg font-feature-liga-off font-feature-clig-off font-feature-calt-off text-decoration-none text-strikethrough-none\">Frane Urem, member<\/span><\/h5>\n<\/li>\n<li>\n<h5 class=\"cvGsUA direction-ltr align-justify para-style-body\"><span class=\"a_GcMg font-feature-liga-off font-feature-clig-off font-feature-calt-off text-decoration-none text-strikethrough-none\">Ivana Kardum Gole\u0161, member<\/span><\/h5>\n<\/li>\n<li>\n<h5 class=\"cvGsUA direction-ltr align-justify para-style-body\"><span class=\"a_GcMg font-feature-liga-off font-feature-clig-off font-feature-calt-off text-decoration-none text-strikethrough-none\">Ivana Beljo, member<\/span><\/h5>\n<\/li>\n<li>\n<h5 class=\"cvGsUA direction-ltr align-justify para-style-body\"><span class=\"a_GcMg font-feature-liga-off font-feature-clig-off font-feature-calt-off text-decoration-none text-strikethrough-none\">Ivan Livaja, member<\/span><\/h5>\n<\/li>\n<li>\n<h5 class=\"cvGsUA direction-ltr align-justify para-style-body\"><span class=\"a_GcMg font-feature-liga-off font-feature-clig-off font-feature-calt-off text-decoration-none text-strikethrough-none\">Sanja Ve\u0161ti\u0107 Mir\u010deta, member<\/span><\/h5>\n<\/li>\n<li>\n<h5 class=\"cvGsUA direction-ltr align-justify para-style-body\"><span class=\"a_GcMg font-feature-liga-off font-feature-clig-off font-feature-calt-off text-decoration-none text-strikethrough-none\">Alen Lali\u0107, member<\/span><\/h5>\n<\/li>\n<li>\n<h5 class=\"cvGsUA direction-ltr align-justify para-style-body\"><span class=\"a_GcMg font-feature-liga-off font-feature-clig-off font-feature-calt-off text-decoration-none text-strikethrough-none\">Vesna Jurin Bakoti\u0107, member<\/span><\/h5>\n<\/li>\n<li>\n<h5 class=\"cvGsUA direction-ltr align-justify para-style-body\"><span class=\"a_GcMg font-feature-liga-off font-feature-clig-off font-feature-calt-off text-decoration-none text-strikethrough-none\">Mario Dominik Buri\u0107, member<\/span><\/h5>\n<\/li>\n<li>\n<h5 class=\"cvGsUA direction-ltr align-justify para-style-body\"><span class=\"a_GcMg font-feature-liga-off font-feature-clig-off font-feature-calt-off text-decoration-none text-strikethrough-none\">Sanja Gongeta, member<\/span><\/h5>\n<\/li>\n<li>\n<h5 class=\"cvGsUA direction-ltr align-justify para-style-body\"><span class=\"a_GcMg font-feature-liga-off font-feature-clig-off font-feature-calt-off text-decoration-none text-strikethrough-none\">Slobodan Stojanovi\u0107, member<\/span><\/h5>\n<\/li>\n<li>\n<h5 class=\"cvGsUA direction-ltr align-justify para-style-body\"><span class=\"a_GcMg font-feature-liga-off font-feature-clig-off font-feature-calt-off text-decoration-none text-strikethrough-none\">Danijela Romi\u0107, member<\/span><\/h5>\n<\/li>\n<li>\n<h5 class=\"cvGsUA direction-ltr align-justify para-style-body\"><span class=\"a_GcMg font-feature-liga-off font-feature-clig-off font-feature-calt-off text-decoration-none text-strikethrough-none\">Ivan Belaj, member<\/span><\/h5>\n<\/li>\n<li>\n<h5 class=\"cvGsUA direction-ltr align-justify para-style-body\"><span class=\"a_GcMg font-feature-liga-off font-feature-clig-off font-feature-calt-off text-decoration-none text-strikethrough-none\">\u017deljka Vajda Halak, member<\/span><\/h5>\n<\/li>\n<li>\n<h5 class=\"cvGsUA direction-ltr align-justify para-style-body\"><span class=\"a_GcMg font-feature-liga-off font-feature-clig-off font-feature-calt-off text-decoration-none text-strikethrough-none\">Ana Gavran Luli\u0107, member<\/span><\/h5>\n<\/li>\n<li>\n<h5 class=\"cvGsUA direction-ltr align-justify para-style-body\"><span class=\"a_GcMg font-feature-liga-off font-feature-clig-off font-feature-calt-off text-decoration-none text-strikethrough-none\">Franka Me\u0161trov, member<\/span><\/h5>\n<\/li>\n<li>\n<h5 class=\"cvGsUA direction-ltr align-justify para-style-body\"><span class=\"a_GcMg font-feature-liga-off font-feature-clig-off font-feature-calt-off text-decoration-none text-strikethrough-none\">Marija Tot, member<\/span><\/h5>\n<\/li>\n<li>\n<h5 class=\"cvGsUA direction-ltr align-justify para-style-body\"><span class=\"a_GcMg font-feature-liga-off font-feature-clig-off font-feature-calt-off text-decoration-none text-strikethrough-none\">Suzana Dikoni\u0107, member<\/span><\/h5>\n<\/li>\n<li>\n<h5 class=\"cvGsUA direction-ltr align-justify para-style-body\"><span class=\"a_GcMg font-feature-liga-off font-feature-clig-off font-feature-calt-off text-decoration-none text-strikethrough-none\">Iva Brzica, member<\/span><\/h5>\n<h5 class=\"cvGsUA direction-ltr align-justify para-style-body\">\u00a0<\/h5>\n<\/li>\n<\/ol>\n<h2 class=\"wp-block-heading\">\u00a0<\/h2>\n<h2><strong>PROGRAM COMMITTEE:<br \/><\/strong><\/h2>\n<ul>\n<li class=\"cvGsUA direction-ltr align-start para-style-body\"><span class=\"a_GcMg font-feature-liga-off font-feature-clig-off font-feature-calt-off text-decoration-none text-strikethrough-none\">Gholamreza Anbarjafari, PhD, University of Tartu, Estonia<\/span><\/li>\n<li class=\"cvGsUA direction-ltr align-start para-style-body\"><span class=\"a_GcMg font-feature-liga-off font-feature-clig-off font-feature-calt-off text-decoration-none text-strikethrough-none\">Boris Bakota, PhD, Pravni fakultet Sveu\u010dili\u0161ta J. J. Strossmayera u Osijeku, Croatia<\/span><\/li>\n<li class=\"cvGsUA direction-ltr align-start para-style-body\"><span class=\"a_GcMg font-feature-liga-off font-feature-clig-off font-feature-calt-off text-decoration-none text-strikethrough-none\">Dmytro Boichuk, PhD, Yaroslav Mudryi National Law University, Ukraina<\/span><\/li>\n<li class=\"cvGsUA direction-ltr align-start para-style-body\"><span class=\"a_GcMg font-feature-liga-off font-feature-clig-off font-feature-calt-off text-decoration-none text-strikethrough-none\">Vlad Ciprian, PhD, \u201cDunarea de Jos\u201d University of Galati, Romania<\/span><\/li>\n<li class=\"cvGsUA direction-ltr align-start para-style-body\"><span class=\"a_GcMg font-feature-liga-off font-feature-clig-off font-feature-calt-off text-decoration-none text-strikethrough-none\">Dana Dobri\u0107 Jambrovi\u0107, PhD, Pravni fakultet Sveu\u010dili\u0161ta u Rijeci, Croatia<\/span><\/li>\n<li class=\"cvGsUA direction-ltr align-start para-style-body\"><span class=\"a_GcMg font-feature-liga-off font-feature-clig-off font-feature-calt-off text-decoration-none text-strikethrough-none\">Jelena Dujmovi\u0107 Bocka, PhD, Pravni fakultet Sveu\u010dili\u0161ta J. J. Strossmayera u Osijeku, Croatia<\/span><\/li>\n<li class=\"cvGsUA direction-ltr align-start para-style-body\"><span class=\"a_GcMg font-feature-liga-off font-feature-clig-off font-feature-calt-off text-decoration-none text-strikethrough-none\">Irene Finocchi, PhD, Luiss Guido Carli University, Italia<\/span><\/li>\n<li class=\"cvGsUA direction-ltr align-start para-style-body\"><span class=\"a_GcMg font-feature-liga-off font-feature-clig-off font-feature-calt-off text-decoration-none text-strikethrough-none\">Sanja Gongeta, PhD, Veleu\u010dili\u0161te \u201eLavoslav Ru\u017ei\u010dka\u201c u Vukovaru, Croatia<\/span><\/li>\n<li class=\"cvGsUA direction-ltr align-start para-style-body\"><span class=\"a_GcMg font-feature-liga-off font-feature-clig-off font-feature-calt-off text-decoration-none text-strikethrough-none\">Giuseppe F. Italiano, PhD, Luiss Guido Carli University, Italia<\/span><\/li>\n<li class=\"cvGsUA direction-ltr align-start para-style-body\"><span class=\"a_GcMg font-feature-liga-off font-feature-clig-off font-feature-calt-off text-decoration-none text-strikethrough-none\">Dorota Kami\u0144ska, PhD, Lodz University of Technology, Poland<\/span><\/li>\n<li class=\"cvGsUA direction-ltr align-start para-style-body\"><span class=\"a_GcMg font-feature-liga-off font-feature-clig-off font-feature-calt-off text-decoration-none text-strikethrough-none\">Tetyana Komarova, PhD, Yaroslav Mudryi National Law University, Ukraina<\/span><\/li>\n<li class=\"cvGsUA direction-ltr align-start para-style-body\"><span class=\"a_GcMg font-feature-liga-off font-feature-clig-off font-feature-calt-off text-decoration-none text-strikethrough-none\">Ivana Kunda, PhD, Pravni fakultet Sveu\u010dili\u0161ta u Rijeci, Croatia<\/span><\/li>\n<li class=\"cvGsUA direction-ltr align-start para-style-body\"><span class=\"a_GcMg font-feature-liga-off font-feature-clig-off font-feature-calt-off text-decoration-none text-strikethrough-none\">Michal Kvet, PhD, University of \u017dilina, Slovakia<\/span><\/li>\n<li class=\"cvGsUA direction-ltr align-start para-style-body\"><span class=\"a_GcMg font-feature-liga-off font-feature-clig-off font-feature-calt-off text-decoration-none text-strikethrough-none\">Robert Leskovar, PhD, Sveu\u010dili\u0161te u Mariboru, Slovenia<\/span><\/li>\n<li class=\"cvGsUA direction-ltr align-start para-style-body\"><span class=\"a_GcMg font-feature-liga-off font-feature-clig-off font-feature-calt-off text-decoration-none text-strikethrough-none\">Dmytro Luchenko, PhD, Yaroslav Mudryi National Law University, Ukraina<\/span><\/li>\n<li class=\"cvGsUA direction-ltr align-start para-style-body\"><span class=\"a_GcMg font-feature-liga-off font-feature-clig-off font-feature-calt-off text-decoration-none text-strikethrough-none\">Ivan Malenica, PhD, Veleu\u010dili\u0161te u \u0160ibeniku, Croatia<\/span><\/li>\n<li class=\"cvGsUA direction-ltr align-start para-style-body\"><span class=\"a_GcMg font-feature-liga-off font-feature-clig-off font-feature-calt-off text-decoration-none text-strikethrough-none\">Ines Mati\u0107 Mate\u0161kovi\u0107, PhD, Pravni fakultet Sveu\u010dili\u0161ta u Rijeci, Croatia<\/span><\/li>\n<li class=\"cvGsUA direction-ltr align-start para-style-body\"><span class=\"a_GcMg font-feature-liga-off font-feature-clig-off font-feature-calt-off text-decoration-none text-strikethrough-none\">Kre\u0161imir Nimac, PhD, Veleu\u010dili\u0161te u \u0160ibeniku, Croatia<\/span><\/li>\n<li class=\"cvGsUA direction-ltr align-start para-style-body\"><span class=\"a_GcMg font-feature-liga-off font-feature-clig-off font-feature-calt-off text-decoration-none text-strikethrough-none\">Elisabeth T. Pereira, PhD, University of Aveiro, Portugal<\/span><\/li>\n<li class=\"cvGsUA direction-ltr align-start para-style-body\"><span class=\"a_GcMg font-feature-liga-off font-feature-clig-off font-feature-calt-off text-decoration-none text-strikethrough-none\">Rui Raposo, PhD, University of Aveiro, Portugal<\/span><\/li>\n<li class=\"cvGsUA direction-ltr align-start para-style-body\"><span class=\"a_GcMg font-feature-liga-off font-feature-clig-off font-feature-calt-off text-decoration-none text-strikethrough-none\">Martina Repa\u0161, PhD, Pravni fakultet Sveu\u010dili\u0161ta u Mariboru, Slovenia<\/span><\/li>\n<li class=\"cvGsUA direction-ltr align-start para-style-body\"><span class=\"a_GcMg font-feature-liga-off font-feature-clig-off font-feature-calt-off text-decoration-none text-strikethrough-none\">Danijela Romi\u0107, PhD, Veleu\u010dili\u0161te \u201eLavoslav Ru\u017ei\u010dka\u201c u Vukovaru, Croatia<\/span><\/li>\n<li class=\"cvGsUA direction-ltr align-start para-style-body\"><span class=\"a_GcMg font-feature-liga-off font-feature-clig-off font-feature-calt-off text-decoration-none text-strikethrough-none\">Ljubo Runji\u0107, PhD, Veleu\u010dili\u0161te u \u0160ibeniku, Croatia<\/span><\/li>\n<li class=\"cvGsUA direction-ltr align-start para-style-body\"><span class=\"a_GcMg font-feature-liga-off font-feature-clig-off font-feature-calt-off text-decoration-none text-strikethrough-none\">\u017deljko Sudari\u0107, PhD, Veleu\u010dili\u0161te \u201eLavoslav Ru\u017ei\u010dka\u201c u Vukovaru, Croatia<\/span><\/li>\n<li class=\"cvGsUA direction-ltr align-start para-style-body\"><span class=\"a_GcMg font-feature-liga-off font-feature-clig-off font-feature-calt-off text-decoration-none text-strikethrough-none\">Slobodan Stojanovi\u0107, PhD, Veleu\u010dili\u0161te \u201eLavoslav Ru\u017ei\u010dka\u201c u Vukovaru, Croatia<\/span><\/li>\n<li class=\"cvGsUA direction-ltr align-start para-style-body\"><span class=\"a_GcMg font-feature-liga-off font-feature-clig-off font-feature-calt-off text-decoration-none text-strikethrough-none\">Mihovil \u0160karica, PhD, Pravni fakultet Sveu\u010dili\u0161ta u Zagrebu, Croatia<\/span><\/li>\n<li class=\"cvGsUA direction-ltr align-start para-style-body\"><span class=\"a_GcMg font-feature-liga-off font-feature-clig-off font-feature-calt-off text-decoration-none text-strikethrough-none\">Kristian Turkalj, PhD, Pravni fakultet Hrvatskog katoli\u010dkog sveu\u010dili\u0161ta, Croatia<\/span><\/li>\n<li class=\"cvGsUA direction-ltr align-start para-style-body\"><span class=\"a_GcMg font-feature-liga-off font-feature-clig-off font-feature-calt-off text-decoration-none text-strikethrough-none\">M\u00e1rio Vairinhos, PhD, University of Aveiro, Portugal<\/span><\/li>\n<li class=\"cvGsUA direction-ltr align-start para-style-body\"><span class=\"a_GcMg font-feature-liga-off font-feature-clig-off font-feature-calt-off text-decoration-none text-strikethrough-none\">Oana Virlanuta, PhD, \u201cDunarea de Jos\u201d University of Galati, Romania<\/span><\/li>\n<li class=\"cvGsUA direction-ltr align-start para-style-body\"><span class=\"a_GcMg font-feature-liga-off font-feature-clig-off font-feature-calt-off text-decoration-none text-strikethrough-none\">Dragan Zlatovi\u0107, PhD, Veleu\u010dili\u0161te u \u0160ibeniku, Croatia<\/span><\/li>\n<li class=\"cvGsUA direction-ltr align-start para-style-body\"><span class=\"a_GcMg font-feature-liga-off font-feature-clig-off font-feature-calt-off text-decoration-none text-strikethrough-none\">Grzegorz Zwoli\u0144ski, PhD, Lodz University of Technology, Poland<\/span><\/li>\n<li class=\"cvGsUA direction-ltr align-start para-style-body\"><span class=\"a_GcMg font-feature-liga-off font-feature-clig-off font-feature-calt-off text-decoration-none text-strikethrough-none\">Paola Garcia, PhD, Universidad del Atlantico Medio, Spain<\/span><\/li>\n<li class=\"cvGsUA direction-ltr align-start para-style-body\"><span class=\"a_GcMg font-feature-liga-off font-feature-clig-off font-feature-calt-off text-decoration-none text-strikethrough-none\">Carlos Diaz, PhD, Universidad del Atlantico Medio, Spain<\/span><\/li>\n<\/ul>\n<p>\u00a0<\/p>\n<p class=\"cvGsUA direction-ltr align-start para-style-body\">\u00a0<\/p>\n\n\n<p><\/p>\n","protected":false},"excerpt":{"rendered":"<p>ORGANIZING COMMITTEE: Ljubo Runji\u0107, president \u017deljko Sudari\u0107, member Dragan Zlatovi\u0107, member Frane Urem, member Ivana Kardum Gole\u0161, member Ivana Beljo, member Ivan Livaja, member Sanja Ve\u0161ti\u0107 Mir\u010deta, member Alen Lali\u0107, member Vesna Jurin Bakoti\u0107, member Mario Dominik Buri\u0107, member Sanja Gongeta, member Slobodan Stojanovi\u0107, member Danijela Romi\u0107, member Ivan Belaj, member \u017deljka Vajda Halak, member [&hellip;]<\/p>\n","protected":false},"author":3,"featured_media":0,"parent":35247,"menu_order":0,"comment_status":"closed","ping_status":"closed","template":"page_with_read_more.php","meta":{"_acf_changed":false,"footnotes":""},"class_list":["post-35253","page","type-page","status-publish","hentry"],"acf":[],"_links":{"self":[{"href":"https:\/\/www.vevu.hr\/en\/wp-json\/wp\/v2\/pages\/35253","targetHints":{"allow":["GET"]}}],"collection":[{"href":"https:\/\/www.vevu.hr\/en\/wp-json\/wp\/v2\/pages"}],"about":[{"href":"https:\/\/www.vevu.hr\/en\/wp-json\/wp\/v2\/types\/page"}],"author":[{"embeddable":true,"href":"https:\/\/www.vevu.hr\/en\/wp-json\/wp\/v2\/users\/3"}],"replies":[{"embeddable":true,"href":"https:\/\/www.vevu.hr\/en\/wp-json\/wp\/v2\/comments?post=35253"}],"version-history":[{"count":5,"href":"https:\/\/www.vevu.hr\/en\/wp-json\/wp\/v2\/pages\/35253\/revisions"}],"predecessor-version":[{"id":49752,"href":"https:\/\/www.vevu.hr\/en\/wp-json\/wp\/v2\/pages\/35253\/revisions\/49752"}],"up":[{"embeddable":true,"href":"https:\/\/www.vevu.hr\/en\/wp-json\/wp\/v2\/pages\/35247"}],"wp:attachment":[{"href":"https:\/\/www.vevu.hr\/en\/wp-json\/wp\/v2\/media?parent=35253"}],"curies":[{"name":"wp","href":"https:\/\/api.w.org\/{rel}","templated":true}]}}