{"id":35247,"date":"2023-01-30T22:56:55","date_gmt":"2023-01-30T21:56:55","guid":{"rendered":"https:\/\/www.vevu.hr\/razvoj-javne-uprave\/"},"modified":"2026-03-18T15:29:45","modified_gmt":"2026-03-18T14:29:45","slug":"development-of-public-administration","status":"publish","type":"page","link":"https:\/\/www.vevu.hr\/en\/development-of-public-administration\/","title":{"rendered":"Development of Public Administration"},"content":{"rendered":"<p><img decoding=\"async\" class=\"alignnone size-full wp-image-50229\" src=\"https:\/\/www.vevu.hr\/wp-content\/uploads\/2026\/03\/14RJU-web-naslovna-EN.png\" alt=\"\" width=\"1414\" height=\"2000\" srcset=\"https:\/\/www.vevu.hr\/wp-content\/uploads\/2026\/03\/14RJU-web-naslovna-EN.png 1414w, https:\/\/www.vevu.hr\/wp-content\/uploads\/2026\/03\/14RJU-web-naslovna-EN-212x300.png 212w, https:\/\/www.vevu.hr\/wp-content\/uploads\/2026\/03\/14RJU-web-naslovna-EN-724x1024.png 724w, https:\/\/www.vevu.hr\/wp-content\/uploads\/2026\/03\/14RJU-web-naslovna-EN-768x1086.png 768w, https:\/\/www.vevu.hr\/wp-content\/uploads\/2026\/03\/14RJU-web-naslovna-EN-1086x1536.png 1086w\" sizes=\"(max-width: 1414px) 100vw, 1414px\" \/><\/p>\n<p>Dear colleagues,<\/p>\n<p>It is our great pleasure to invite you to the 15th International Conference &#8220;Development of Public Administration,&#8221; which will be held in \u0160ibenik from May 21 to 22, 2026. This event is organized by \u0160ibenik University of Applied Sciences and University of Applied Sciences &#8220;Lavoslav Ru\u017ei\u010dka&#8221; in Vukovar, in cooperation with the Institute for Scientific Research and Artistic Work in Vukovar of the Croatian Academy of Sciences and Arts in Vukovar.<\/p>\n<p><span class=\"a_GcMg font-feature-liga-off font-feature-clig-off font-feature-calt-off text-decoration-none text-strikethrough-none\">This year\u2019s conference is dedicated to the theme Smart Governance for a Smart Society, focusing on exploring the interconnectedness of public administration and society. <\/span><\/p>\n<p>The partners of the conference are University of Applied Sciences &#8220;Lavoslav Ru\u017ei\u010dka&#8221; in Vukovar, <span class=\"a_GcMg font-feature-liga-off font-feature-clig-off font-feature-calt-off text-decoration-none text-strikethrough-none\">University of Rijeka, Faculty of Law (Rijeka, Croatia), <\/span><span class=\"a_GcMg font-feature-liga-off font-feature-clig-off font-feature-calt-off text-decoration-none text-strikethrough-none\">Catholic University of Croatia, Faculty of Law (Zagreb, Croatia), <\/span><span class=\"a_GcMg font-feature-liga-off font-feature-clig-off font-feature-calt-off text-decoration-none text-strikethrough-none\">Yaroslav Mudryi National Law University (Kharkiv, Ukraine), Universidad del Atl\u00e1ntico Medio (Las Palmas, Spain) and <\/span><span class=\"a_GcMg font-feature-liga-off font-feature-clig-off font-feature-calt-off text-decoration-none text-strikethrough-none\">State school for public administration (Zagreb, Croatia).<\/span><\/p>\n<p>The proceedings of this year will also be submitted for indexing in the HeinOnline database.<br \/>\nMore information about the conference and the application of papers can be found at the <a href=\"https:\/\/www.vevu.hr\/en\/development-of-public-administration\/guidelines-for-submitting-papers\/\">link<\/a>.<br \/>\nWe look forward to your participation and cooperation.<\/p>\n<p>Sincerely,<br \/>\nOrganizing Committee<\/p>\n","protected":false},"excerpt":{"rendered":"<p>Dear colleagues, It is our great pleasure to invite you to the 15th International Conference &#8220;Development of Public Administration,&#8221; which will be held in \u0160ibenik from May 21 to 22, 2026. This event is organized by \u0160ibenik University of Applied Sciences and University of Applied Sciences &#8220;Lavoslav Ru\u017ei\u010dka&#8221; in Vukovar, in cooperation with the Institute [&hellip;]<\/p>\n","protected":false},"author":3,"featured_media":0,"parent":0,"menu_order":0,"comment_status":"closed","ping_status":"closed","template":"page_with_read_more.php","meta":{"_acf_changed":false,"footnotes":""},"class_list":["post-35247","page","type-page","status-publish","hentry"],"acf":[],"_links":{"self":[{"href":"https:\/\/www.vevu.hr\/en\/wp-json\/wp\/v2\/pages\/35247","targetHints":{"allow":["GET"]}}],"collection":[{"href":"https:\/\/www.vevu.hr\/en\/wp-json\/wp\/v2\/pages"}],"about":[{"href":"https:\/\/www.vevu.hr\/en\/wp-json\/wp\/v2\/types\/page"}],"author":[{"embeddable":true,"href":"https:\/\/www.vevu.hr\/en\/wp-json\/wp\/v2\/users\/3"}],"replies":[{"embeddable":true,"href":"https:\/\/www.vevu.hr\/en\/wp-json\/wp\/v2\/comments?post=35247"}],"version-history":[{"count":4,"href":"https:\/\/www.vevu.hr\/en\/wp-json\/wp\/v2\/pages\/35247\/revisions"}],"predecessor-version":[{"id":50231,"href":"https:\/\/www.vevu.hr\/en\/wp-json\/wp\/v2\/pages\/35247\/revisions\/50231"}],"wp:attachment":[{"href":"https:\/\/www.vevu.hr\/en\/wp-json\/wp\/v2\/media?parent=35247"}],"curies":[{"name":"wp","href":"https:\/\/api.w.org\/{rel}","templated":true}]}}