{"id":22068,"date":"2022-06-02T11:09:11","date_gmt":"2022-06-02T09:09:11","guid":{"rendered":"https:\/\/www.vevu.hr\/physiotherapy-in-sports-recreation-and-wellness\/odbori\/"},"modified":"2025-11-04T08:20:38","modified_gmt":"2025-11-04T07:20:38","slug":"committees","status":"publish","type":"page","link":"https:\/\/www.vevu.hr\/en\/physiotherapy\/committees\/","title":{"rendered":"Committees"},"content":{"rendered":"<ul>\n<li>\n<div>\n<div><strong>PROGRAM COMMITTEE:<\/strong><\/div>\n<\/div>\n<\/li>\n<\/ul>\n<p style=\"padding-left: 40px;\">Tomislav Vlahovi\u0107, PhD, MD, specialist in general surgery, specialist in orthopedics and traumatology, subspecialist in plastic surgery, University of Applied Health Sciencies, Zagreb, Croatia<br \/>\nDomagoj Gajski, MD, specialist in neurosurgery, lecturer, University of Applied Health Sciencies, Zagreb, Croatia<br \/>\nprof. Ines Drenjan\u010devi\u0107, PhD, MD, Faculty of Medicine J.J.Strossmayer University of Osijek, Croatia<br \/>\nprof. Mirsad Mufti\u0107, PhD, MD, specialist in physiatry and rehabilitation, subspecialist in rheumatology, Faculty of Medicine SSST University of Sarajevo, Bosnia and Herzegovina<br \/>\nassociate prof. Ana Stupin, PhD, MD, specialist in internal medicine, Faculty of Medicine J.J.Strossmayer University of Osijek, Croatia<br \/>\nassist. prof. Jelena Kova\u010devi\u0107, PhD, MD, Univ. M.Sc, specialist in school medicine, Institute for Emergency medicine of the Vukovar-Srijem County, Vinkovci, Croatia<br \/>\nassist. prof. Lejla Obradovi\u0107 Sal\u010din, PhD, Faculty of Health Studies University of Mostar, Bosnia and Herzegovina<br \/>\nassist. prof. Nevenka Kregar Velikonja, PhD, Faculty for Health Sciences in Novo Mesto, Slovenia<br \/>\nIvan Jurak, M.Sc. physioth., University of Applied Health Sciencies, Zagreb, Croatia<br \/>\nIvan \u0160tefanac, PhD., MD, specialist in pulmonology, lecturer, Faculty of dental medicine and health J.J.Strossmayer University of Osijek, Croatia<br \/>\nDalibor Kiseljak, PhD., B.Sc. physioth, senior lecturer, University of Applied Health Sciencies, Zagreb, Croatia<br \/>\nKonstantinos Spyrou, PhD in Sport Science, MSc in High-Performance Sport: S&amp;C, CSCS, Lecturer Faculty of Sport, UCAM<br \/>\nAcad. Mirna \u0160itum, member of the Croatian Academy of Sciences and Arts (HAZU)<br \/>\nAcad. Vida Demarin member of the Croatian Academy of Sciences and Arts (HAZU)<br \/>\nprof. Josipa Forjan, PhD<br \/>\nassist. prof. Gordana Buji\u0161i\u0107, PhD, MD, specialist in psychiatry, tenure college professor, University of Applied Sciences \u201eLavoslav Ru\u017ei\u010dka\u201c in Vukovar, Croatia<br \/>\nErna Davidovi\u0107 Cvetko, PhD, college professor, University of Applied Sciences \u201eLavoslav Ru\u017ei\u010dka\u201c in Vukovar, Croatia<br \/>\nSlavica Jankovi\u0107, PhD, college professor, University of Applied Sciences \u201eLavoslav Ru\u017ei\u010dka\u201c in Vukovar, Croatia<br \/>\nNeboj\u0161a Ne\u0161i\u0107, PhD, tenure college professor, University of Applied Sciences \u201eLavoslav Ru\u017ei\u010dka\u201c in Vukovar, Croatia<br \/>\nVesna \u0160eper, PhD in Physical Education and Sport, college professor, University of Applied Sciences \u201eLavoslav Ru\u017ei\u010dka\u201c in Vukovar, Croatia<\/p>\n<ul>\n<li>\n<div>\n<div><strong>ORGANISING COMMITTEE:<\/strong><\/div>\n<\/div>\n<\/li>\n<\/ul>\n<p style=\"padding-left: 40px;\">assist. prof. \u017deljko Sudari\u0107, PhD, tenure college professor \u2013 president of Organising committee<br \/>\nassist. prof. Sanja Gongeta, PhD, college professor<br \/>\nassist. prof. Slobodan Stojanovi\u0107, PhD, tenure college professor<br \/>\nIvan Belaj, M.Sc. iur, senior lecturer<br \/>\nVesna Brumni\u0107, M.Sc. physioth., senior lecturer<br \/>\nassist prof. Gordana Buji\u0161i\u0107, PhD, MD, specialist in psychiatry, tenure college professor<br \/>\nErna Davidovi\u0107 Cvetko, PhD, college professor<br \/>\nMarija Crnkovi\u0107 Kne\u017eevi\u0107, Univ. M.Sc. physioth., lecturer<br \/>\nSlavica Jankovi\u0107, PhD, college professor<br \/>\nStjepan Jelica, M.Sc. physioth., senior lecturer<br \/>\nNeboj\u0161a Ne\u0161i\u0107, PhD, tenure college professor<br \/>\nDra\u017een Peji\u0107, M.Sc. cin., senior lecturer<br \/>\nVesna \u0160eper, PhD in Physical Education and Sport, college professor<br \/>\nKatarina Kova\u010devi\u0107, Univ. M.Sc. physioth.<br \/>\nIgor Biland\u017ei\u0107, bacc. ing. el.<br \/>\nMarko Zeleni\u0107, MD.<br \/>\nNikola Ivkovi\u0107, MSc. physioth.<\/p>\n<ul>\n<li><strong>\u00a0CONFERENCE SECRETARY:<\/strong><\/li>\n<\/ul>\n<p style=\"padding-left: 40px;\">Stjepan Jelica, M.Sc. physioth., senior lecturer<\/p>\n<p style=\"padding-left: 40px;\">Vesna Brumni\u0107, M.Sc. physioth., senior lecturer<\/p>\n<p style=\"padding-left: 40px;\">Contact: <u><a href=\"mailto:physiotherapy@vevu.hr\">physiotherapy@vevu.hr<\/a><\/u><\/p>\n","protected":false},"excerpt":{"rendered":"<p>PROGRAM COMMITTEE: Tomislav Vlahovi\u0107, PhD, MD, specialist in general surgery, specialist in orthopedics and traumatology, subspecialist in plastic surgery, University of Applied Health Sciencies, Zagreb, Croatia Domagoj Gajski, MD, specialist in neurosurgery, lecturer, University of Applied Health Sciencies, Zagreb, Croatia prof. Ines Drenjan\u010devi\u0107, PhD, MD, Faculty of Medicine J.J.Strossmayer University of Osijek, Croatia prof. Mirsad [&hellip;]<\/p>\n","protected":false},"author":3,"featured_media":0,"parent":22063,"menu_order":0,"comment_status":"closed","ping_status":"closed","template":"page_with_read_more.php","meta":{"_acf_changed":false,"footnotes":""},"class_list":["post-22068","page","type-page","status-publish","hentry"],"acf":[],"_links":{"self":[{"href":"https:\/\/www.vevu.hr\/en\/wp-json\/wp\/v2\/pages\/22068","targetHints":{"allow":["GET"]}}],"collection":[{"href":"https:\/\/www.vevu.hr\/en\/wp-json\/wp\/v2\/pages"}],"about":[{"href":"https:\/\/www.vevu.hr\/en\/wp-json\/wp\/v2\/types\/page"}],"author":[{"embeddable":true,"href":"https:\/\/www.vevu.hr\/en\/wp-json\/wp\/v2\/users\/3"}],"replies":[{"embeddable":true,"href":"https:\/\/www.vevu.hr\/en\/wp-json\/wp\/v2\/comments?post=22068"}],"version-history":[{"count":6,"href":"https:\/\/www.vevu.hr\/en\/wp-json\/wp\/v2\/pages\/22068\/revisions"}],"predecessor-version":[{"id":47985,"href":"https:\/\/www.vevu.hr\/en\/wp-json\/wp\/v2\/pages\/22068\/revisions\/47985"}],"up":[{"embeddable":true,"href":"https:\/\/www.vevu.hr\/en\/wp-json\/wp\/v2\/pages\/22063"}],"wp:attachment":[{"href":"https:\/\/www.vevu.hr\/en\/wp-json\/wp\/v2\/media?parent=22068"}],"curies":[{"name":"wp","href":"https:\/\/api.w.org\/{rel}","templated":true}]}}