{"id":18733,"date":"2022-02-14T14:08:00","date_gmt":"2022-02-14T13:08:00","guid":{"rendered":"https:\/\/www.vevu.hr\/commerce-study\/t408-practical-training-iii\/"},"modified":"2025-07-07T09:11:29","modified_gmt":"2025-07-07T07:11:29","slug":"t408-practical-training-iii","status":"publish","type":"page","link":"https:\/\/www.vevu.hr\/en\/commerce-study\/t408-practical-training-iii\/","title":{"rendered":"T408 Professional Training III"},"content":{"rendered":"<h4 data-uw-styling-context=\"true\" data-wahfont=\"24\" data-wahpro-titles-style=\"font-size: 24px;\">Sadr\u017eaj kolegija:<\/h4>\n<p>U ovome tre\u0107em ciklusu stru\u010dne prakse studenti rade na poslovima i na svladavanju poslova u sklopu pojedine poslovne funkcije: financija, ra\u010dunovodstva, marketinga, poslovne logistike, informatike, nabave, prodaje, kadrova. Unutar poslovnoga subjekta ili udru\u017eenja iz djelatnosti trgovine ili logisti\u010dkih usluga student na taj na\u010din pro\u0161iruje svoja teorijska znanja i upoznaje prakti\u010dne vje\u0161tine gospodarskoga subjekta koje se bavi robnim poslovanjem. Odabrana poslovna funkcija za obavljanje poslova u ovom ciklusu treba se razlikovati od one, koja je odabrana u drugom poslovnom ciklusu. Na taj na\u010din, nakon zavr\u0161etka tre\u0107eg ciklusa stru\u010dne prakse student je prakti\u010dki upoznao specifi\u010dnosti djelatnosti i najmanje dvije poslovne funkcije. U ovom, tre\u0107em ciklusu prakse student se treba detaljno upoznati s obavljanjem poslova i procesima unutar izabrane poslovne funkcije, odnosno organizacijske jedinice gospodarskog subjekta kao i s organizacijom u kojoj je obavljao stru\u010dnu praksu (trgova\u010dko dru\u0161tvo, obrtnik). Kao i kod prethodnih ciklusa stru\u010dne prakse, student je du\u017ean ispuniti posebni obrazac dnevnika, u kojem treba dati podatke kako o organizaciji cijeloga poduze\u0107a i\/ili grupe, tako i o organizaciji i poslovnoj problematici vezano uz izabranu poslovnu funkciju.<\/p>\n<h4 data-uw-styling-context=\"true\" data-wahfont=\"24\" data-wahpro-titles-style=\"font-size: 24px;\">Popis literature:<\/h4>\n<div class=\"podaci\">\n<p data-uw-styling-context=\"true\" data-wahfont=\"16\" data-wahpro-txt-style=\"font-size: 16px;\">Obvezna literatura: Student \u0107e se koristiti literaturom i internom dokumentacijom koju sugerira mentor u gospodarskom subjektu u kojem obavlja stru\u010dnu praksu.<\/p>\n<p data-uw-styling-context=\"true\" data-wahfont=\"16\" data-wahpro-txt-style=\"font-size: 16px;\">Izborna literatura:\u00a0 Dopunsku literaturu bira student ovisno o poslovnoj funkciji koju obavlja u gospodarskom subjektu (specijalizirani stru\u010dni \u010dasopisi, knjige, materijali sa savjetovanja, web siteovi, zakonski propisi, studije).<\/p>\n<\/div>\n<h4 data-uw-styling-context=\"true\" data-wahfont=\"24\" data-wahpro-titles-style=\"font-size: 24px;\">Ciljevi kolegija:<\/h4>\n<p>Ciljevi kolegija vezani su uz upoznavanje studenta s prakti\u010dkim problemima vezanim uz obavljanje pojedine funkcije unutar robnoga poslovanja u trgovini i logistici. Na taj na\u010din student mo\u017ee povezivati teorijske spoznaje svih do sada apsolviranih kolegija, a osobito iz ra\u010dunovodstva, poslovnih financija, organizacije poduze\u0107a, poslovne logistike, marketinga, informatike, nabavnoga poslovanja, prodajnoga poslovanja, trgova\u010dkoga prava i sl.<\/p>\n<h4 data-uw-styling-context=\"true\" data-wahfont=\"24\" data-wahpro-titles-style=\"font-size: 24px;\">Polaganje ispita:<\/h4>\n<div class=\"podaci\">\n<p data-uw-styling-context=\"true\" data-wahfont=\"16\" data-wahpro-txt-style=\"font-size: 16px;\">Pismeni i usmeni ispit.<\/p>\n<\/div>\n","protected":false},"excerpt":{"rendered":"<p>Sadr\u017eaj kolegija: U ovome tre\u0107em ciklusu stru\u010dne prakse studenti rade na poslovima i na svladavanju poslova u sklopu pojedine poslovne funkcije: financija, ra\u010dunovodstva, marketinga, poslovne logistike, informatike, nabave, prodaje, kadrova. Unutar poslovnoga subjekta ili udru\u017eenja iz djelatnosti trgovine ili logisti\u010dkih usluga student na taj na\u010din pro\u0161iruje svoja teorijska znanja i upoznaje prakti\u010dne vje\u0161tine gospodarskoga subjekta [&hellip;]<\/p>\n","protected":false},"author":3,"featured_media":14271,"parent":16108,"menu_order":0,"comment_status":"closed","ping_status":"closed","template":"predmet.php","meta":{"_acf_changed":false,"footnotes":""},"class_list":["post-18733","page","type-page","status-publish","has-post-thumbnail","hentry"],"acf":[],"_links":{"self":[{"href":"https:\/\/www.vevu.hr\/en\/wp-json\/wp\/v2\/pages\/18733","targetHints":{"allow":["GET"]}}],"collection":[{"href":"https:\/\/www.vevu.hr\/en\/wp-json\/wp\/v2\/pages"}],"about":[{"href":"https:\/\/www.vevu.hr\/en\/wp-json\/wp\/v2\/types\/page"}],"author":[{"embeddable":true,"href":"https:\/\/www.vevu.hr\/en\/wp-json\/wp\/v2\/users\/3"}],"replies":[{"embeddable":true,"href":"https:\/\/www.vevu.hr\/en\/wp-json\/wp\/v2\/comments?post=18733"}],"version-history":[{"count":1,"href":"https:\/\/www.vevu.hr\/en\/wp-json\/wp\/v2\/pages\/18733\/revisions"}],"predecessor-version":[{"id":45371,"href":"https:\/\/www.vevu.hr\/en\/wp-json\/wp\/v2\/pages\/18733\/revisions\/45371"}],"up":[{"embeddable":true,"href":"https:\/\/www.vevu.hr\/en\/wp-json\/wp\/v2\/pages\/16108"}],"wp:featuredmedia":[{"embeddable":true,"href":"https:\/\/www.vevu.hr\/en\/wp-json\/wp\/v2\/media\/14271"}],"wp:attachment":[{"href":"https:\/\/www.vevu.hr\/en\/wp-json\/wp\/v2\/media?parent=18733"}],"curies":[{"name":"wp","href":"https:\/\/api.w.org\/{rel}","templated":true}]}}