{"id":18699,"date":"2022-02-14T13:58:10","date_gmt":"2022-02-14T12:58:10","guid":{"rendered":"https:\/\/www.vevu.hr\/administrative-study\/u613-project-management\/"},"modified":"2022-02-14T13:58:10","modified_gmt":"2022-02-14T12:58:10","slug":"u613-project-management","status":"publish","type":"page","link":"https:\/\/www.vevu.hr\/en\/administrative-study\/u613-project-management\/","title":{"rendered":"U613 Project Management"},"content":{"rendered":"<p><a href=\"https:\/\/www.vevu.hr\/wp-content\/uploads\/2021\/11\/Obrazac_opisishodi_2021-Projektni-menadzment-skr.2.pdf\">Obrazac_opisishodi_2021 &#8211; Projektni menad\u017ement skr.2<\/a>01. Metodologija istra\u017eivanja<br \/>\n02. Metodologija pripreme i pisanje projekata<br \/>\n03. Upravljanje projektima<br \/>\n04. Logi\u010dka matrica projekt<br \/>\n05. Upravljanje vremenom<br \/>\n06. Upravljanje komunikacijama<br \/>\n07. Upravljanje ljudskim resursom<br \/>\n08. Upravljanje materijalnim resursima<br \/>\n09. Upravljanje financijama<br \/>\n10. Kontrola i upravljanje kvalitetom<br \/>\n11. Evaluacija projekta<br \/>\n12. Zatvaranje projekta<\/p>\n","protected":false},"excerpt":{"rendered":"<p>Obrazac_opisishodi_2021 &#8211; Projektni menad\u017ement skr.201. Metodologija istra\u017eivanja 02. Metodologija pripreme i pisanje projekata 03. Upravljanje projektima 04. Logi\u010dka matrica projekt 05. Upravljanje vremenom 06. Upravljanje komunikacijama 07. Upravljanje ljudskim resursom 08. Upravljanje materijalnim resursima 09. Upravljanje financijama 10. Kontrola i upravljanje kvalitetom 11. Evaluacija projekta 12. Zatvaranje projekta<\/p>\n","protected":false},"author":3,"featured_media":14270,"parent":16109,"menu_order":0,"comment_status":"closed","ping_status":"closed","template":"predmet.php","meta":{"_acf_changed":false,"footnotes":""},"class_list":["post-18699","page","type-page","status-publish","has-post-thumbnail","hentry"],"acf":[],"_links":{"self":[{"href":"https:\/\/www.vevu.hr\/en\/wp-json\/wp\/v2\/pages\/18699","targetHints":{"allow":["GET"]}}],"collection":[{"href":"https:\/\/www.vevu.hr\/en\/wp-json\/wp\/v2\/pages"}],"about":[{"href":"https:\/\/www.vevu.hr\/en\/wp-json\/wp\/v2\/types\/page"}],"author":[{"embeddable":true,"href":"https:\/\/www.vevu.hr\/en\/wp-json\/wp\/v2\/users\/3"}],"replies":[{"embeddable":true,"href":"https:\/\/www.vevu.hr\/en\/wp-json\/wp\/v2\/comments?post=18699"}],"version-history":[{"count":0,"href":"https:\/\/www.vevu.hr\/en\/wp-json\/wp\/v2\/pages\/18699\/revisions"}],"up":[{"embeddable":true,"href":"https:\/\/www.vevu.hr\/en\/wp-json\/wp\/v2\/pages\/16109"}],"wp:featuredmedia":[{"embeddable":true,"href":"https:\/\/www.vevu.hr\/en\/wp-json\/wp\/v2\/media\/14270"}],"wp:attachment":[{"href":"https:\/\/www.vevu.hr\/en\/wp-json\/wp\/v2\/media?parent=18699"}],"curies":[{"name":"wp","href":"https:\/\/api.w.org\/{rel}","templated":true}]}}