{"id":18625,"date":"2022-02-14T12:56:47","date_gmt":"2022-02-14T11:56:47","guid":{"rendered":"https:\/\/www.vevu.hr\/study-of-preventive-physiotherapy\/163163-physiotherapy-methods-in-sports-and-recreation-i\/"},"modified":"2022-09-28T21:45:57","modified_gmt":"2022-09-28T19:45:57","slug":"238620-physiotherapy-in-sports-and-recreation-i","status":"publish","type":"page","link":"https:\/\/www.vevu.hr\/en\/study-of-preventive-physiotherapy\/238620-physiotherapy-in-sports-and-recreation-i\/","title":{"rendered":"238620 Physiotherapy in Sports and Recreation I"},"content":{"rendered":"<p>Po\u0161tovani,<\/p>\n<p>link za vje\u017ebe je slijede\u0107i:<\/p>\n<p>18.1.2022. 16-19.20, Grupa 2<br \/>\n<a href=\"https:\/\/teams.microsoft.com\/l\/meetup-join\/19%3ameeting_ZmQ5YTk5ZjItNWI0Yi00MzU1LWIzMzktMjEwNmRjMTBhMmMz%40thread.v2\/0?context=%7b%22Tid%22%3a%22fb211fb3-5222-47e0-ac63-e14f7c0a28a4%22%2c%22Oid%22%3a%22ccedff17-dd59-4f30-bc1c-6cf03faea5f8%22%7d\" target=\"_blank\" rel=\"noopener\" data-saferedirecturl=\"https:\/\/www.google.com\/url?q=https:\/\/teams.microsoft.com\/l\/meetup-join\/19%253ameeting_ZmQ5YTk5ZjItNWI0Yi00MzU1LWIzMzktMjEwNmRjMTBhMmMz%2540thread.v2\/0?context%3D%257b%2522Tid%2522%253a%2522fb211fb3-5222-47e0-ac63-e14f7c0a28a4%2522%252c%2522Oid%2522%253a%2522ccedff17-dd59-4f30-bc1c-6cf03faea5f8%2522%257d&amp;source=gmail&amp;ust=1642584291338000&amp;usg=AOvVaw2702ba-bUtos9ZNahqavEV\">https:\/\/teams.microsoft.com\/l\/meetup-join\/19%3ameeting_ZmQ5YTk5ZjItNWI0Yi00MzU1LWIzMzktMjEwNmRjMTBhMmMz%40thread.v2\/0?context=%7b%22Tid%22%3a%22fb211fb3-5222-47e0-ac63-e14f7c0a28a4%22%2c%22Oid%22%3a%22ccedff17-dd59-4f30-bc1c-6cf03faea5f8%22%7d<\/a><\/p>\n<p>&nbsp;<\/p>\n<p>19.1.\u00a0 9-12.20, Grupa 1<br \/>\n<a href=\"https:\/\/teams.microsoft.com\/l\/meetup-join\/19%3ameeting_Mzc1OTkwYmYtMzYwYS00ODdiLWJmY2UtYWMzNjQzYmNmODI2%40thread.v2\/0?context=%7b%22Tid%22%3a%22fb211fb3-5222-47e0-ac63-e14f7c0a28a4%22%2c%22Oid%22%3a%22ccedff17-dd59-4f30-bc1c-6cf03faea5f8%22%7d\" target=\"_blank\" rel=\"noopener\" data-saferedirecturl=\"https:\/\/www.google.com\/url?q=https:\/\/teams.microsoft.com\/l\/meetup-join\/19%253ameeting_Mzc1OTkwYmYtMzYwYS00ODdiLWJmY2UtYWMzNjQzYmNmODI2%2540thread.v2\/0?context%3D%257b%2522Tid%2522%253a%2522fb211fb3-5222-47e0-ac63-e14f7c0a28a4%2522%252c%2522Oid%2522%253a%2522ccedff17-dd59-4f30-bc1c-6cf03faea5f8%2522%257d&amp;source=gmail&amp;ust=1642584291338000&amp;usg=AOvVaw3u7DQtRNR4zXGH9dkq1dY2\">https:\/\/teams.microsoft.com\/l\/meetup-join\/19%3ameeting_Mzc1OTkwYmYtMzYwYS00ODdiLWJmY2UtYWMzNjQzYmNmODI2%40thread.v2\/0?context=%7b%22Tid%22%3a%22fb211fb3-5222-47e0-ac63-e14f7c0a28a4%22%2c%22Oid%22%3a%22ccedff17-dd59-4f30-bc1c-6cf03faea5f8%22%7d<\/a><\/p>\n<p>Utorak 25.1.2022., Grupa 2, 16:00-19:20<\/p>\n<p><a href=\"https:\/\/teams.microsoft.com\/l\/meetup-join\/19%3ameeting_ODdjZGE5ODYtZmIzMC00MjA1LTgwYzYtZDhkOTg0ZWM0NmU4%40thread.v2\/0?context=%7b%22Tid%22%3a%22fb211fb3-5222-47e0-ac63-e14f7c0a28a4%22%2c%22Oid%22%3a%22ccedff17-dd59-4f30-bc1c-6cf03faea5f8%22%7d\" target=\"_blank\" rel=\"noopener\" data-saferedirecturl=\"https:\/\/www.google.com\/url?q=https:\/\/teams.microsoft.com\/l\/meetup-join\/19%253ameeting_ODdjZGE5ODYtZmIzMC00MjA1LTgwYzYtZDhkOTg0ZWM0NmU4%2540thread.v2\/0?context%3D%257b%2522Tid%2522%253a%2522fb211fb3-5222-47e0-ac63-e14f7c0a28a4%2522%252c%2522Oid%2522%253a%2522ccedff17-dd59-4f30-bc1c-6cf03faea5f8%2522%257d&amp;source=gmail&amp;ust=1643130695106000&amp;usg=AOvVaw13t2pqzskQEVGSMMGBKDvz\">https:\/\/teams.microsoft.com\/l\/meetup-join\/19%3ameeting_ODdjZGE5ODYtZmIzMC00MjA1LTgwYzYtZDhkOTg0ZWM0NmU4%40thread.v2\/0?context=%7b%22Tid%22%3a%22fb211fb3-5222-47e0-ac63-e14f7c0a28a4%22%2c%22Oid%22%3a%22ccedff17-dd59-4f30-bc1c-6cf03faea5f8%22%7d<\/a><\/p>\n<p>Srijeda 26.1.2022. Grupa 1, 9:00-12:20<\/p>\n<p><a href=\"https:\/\/teams.microsoft.com\/l\/meetup-join\/19%3ameeting_OTg3ZTA4OWItZTgyOS00MzI3LTgwZWQtOWE3ZTM1MGRkZmFj%40thread.v2\/0?context=%7b%22Tid%22%3a%22fb211fb3-5222-47e0-ac63-e14f7c0a28a4%22%2c%22Oid%22%3a%22ccedff17-dd59-4f30-bc1c-6cf03faea5f8%22%7d\" target=\"_blank\" rel=\"noopener\" data-saferedirecturl=\"https:\/\/www.google.com\/url?q=https:\/\/teams.microsoft.com\/l\/meetup-join\/19%253ameeting_OTg3ZTA4OWItZTgyOS00MzI3LTgwZWQtOWE3ZTM1MGRkZmFj%2540thread.v2\/0?context%3D%257b%2522Tid%2522%253a%2522fb211fb3-5222-47e0-ac63-e14f7c0a28a4%2522%252c%2522Oid%2522%253a%2522ccedff17-dd59-4f30-bc1c-6cf03faea5f8%2522%257d&amp;source=gmail&amp;ust=1643130695106000&amp;usg=AOvVaw3CRQ9wHJprG3sKcf08iG66\">https:\/\/teams.microsoft.com\/l\/meetup-join\/19%3ameeting_OTg3ZTA4OWItZTgyOS00MzI3LTgwZWQtOWE3ZTM1MGRkZmFj%40thread.v2\/0?context=%7b%22Tid%22%3a%22fb211fb3-5222-47e0-ac63-e14f7c0a28a4%22%2c%22Oid%22%3a%22ccedff17-dd59-4f30-bc1c-6cf03faea5f8%22%7d<\/a><\/p>\n<p>Srda\u010dan pozdrav<span style=\"color: #888888;\"><br \/>\n<\/span><\/p>\n<p>Brumni\u0107<\/p>\n<p>&nbsp;<\/p>\n","protected":false},"excerpt":{"rendered":"<p>Po\u0161tovani, link za vje\u017ebe je slijede\u0107i: 18.1.2022. 16-19.20, Grupa 2 https:\/\/teams.microsoft.com\/l\/meetup-join\/19%3ameeting_ZmQ5YTk5ZjItNWI0Yi00MzU1LWIzMzktMjEwNmRjMTBhMmMz%40thread.v2\/0?context=%7b%22Tid%22%3a%22fb211fb3-5222-47e0-ac63-e14f7c0a28a4%22%2c%22Oid%22%3a%22ccedff17-dd59-4f30-bc1c-6cf03faea5f8%22%7d &nbsp; 19.1.\u00a0 9-12.20, Grupa 1 https:\/\/teams.microsoft.com\/l\/meetup-join\/19%3ameeting_Mzc1OTkwYmYtMzYwYS00ODdiLWJmY2UtYWMzNjQzYmNmODI2%40thread.v2\/0?context=%7b%22Tid%22%3a%22fb211fb3-5222-47e0-ac63-e14f7c0a28a4%22%2c%22Oid%22%3a%22ccedff17-dd59-4f30-bc1c-6cf03faea5f8%22%7d Utorak 25.1.2022., Grupa 2, 16:00-19:20 https:\/\/teams.microsoft.com\/l\/meetup-join\/19%3ameeting_ODdjZGE5ODYtZmIzMC00MjA1LTgwYzYtZDhkOTg0ZWM0NmU4%40thread.v2\/0?context=%7b%22Tid%22%3a%22fb211fb3-5222-47e0-ac63-e14f7c0a28a4%22%2c%22Oid%22%3a%22ccedff17-dd59-4f30-bc1c-6cf03faea5f8%22%7d Srijeda 26.1.2022. Grupa 1, 9:00-12:20 https:\/\/teams.microsoft.com\/l\/meetup-join\/19%3ameeting_OTg3ZTA4OWItZTgyOS00MzI3LTgwZWQtOWE3ZTM1MGRkZmFj%40thread.v2\/0?context=%7b%22Tid%22%3a%22fb211fb3-5222-47e0-ac63-e14f7c0a28a4%22%2c%22Oid%22%3a%22ccedff17-dd59-4f30-bc1c-6cf03faea5f8%22%7d Srda\u010dan pozdrav Brumni\u0107 &nbsp;<\/p>\n","protected":false},"author":3,"featured_media":14270,"parent":16107,"menu_order":0,"comment_status":"closed","ping_status":"closed","template":"predmet.php","meta":{"_acf_changed":false,"footnotes":""},"class_list":["post-18625","page","type-page","status-publish","has-post-thumbnail","hentry"],"acf":[],"_links":{"self":[{"href":"https:\/\/www.vevu.hr\/en\/wp-json\/wp\/v2\/pages\/18625","targetHints":{"allow":["GET"]}}],"collection":[{"href":"https:\/\/www.vevu.hr\/en\/wp-json\/wp\/v2\/pages"}],"about":[{"href":"https:\/\/www.vevu.hr\/en\/wp-json\/wp\/v2\/types\/page"}],"author":[{"embeddable":true,"href":"https:\/\/www.vevu.hr\/en\/wp-json\/wp\/v2\/users\/3"}],"replies":[{"embeddable":true,"href":"https:\/\/www.vevu.hr\/en\/wp-json\/wp\/v2\/comments?post=18625"}],"version-history":[{"count":2,"href":"https:\/\/www.vevu.hr\/en\/wp-json\/wp\/v2\/pages\/18625\/revisions"}],"predecessor-version":[{"id":24640,"href":"https:\/\/www.vevu.hr\/en\/wp-json\/wp\/v2\/pages\/18625\/revisions\/24640"}],"up":[{"embeddable":true,"href":"https:\/\/www.vevu.hr\/en\/wp-json\/wp\/v2\/pages\/16107"}],"wp:featuredmedia":[{"embeddable":true,"href":"https:\/\/www.vevu.hr\/en\/wp-json\/wp\/v2\/media\/14270"}],"wp:attachment":[{"href":"https:\/\/www.vevu.hr\/en\/wp-json\/wp\/v2\/media?parent=18625"}],"curies":[{"name":"wp","href":"https:\/\/api.w.org\/{rel}","templated":true}]}}