{"id":16313,"date":"2021-12-07T10:51:39","date_gmt":"2021-12-07T09:51:39","guid":{"rendered":"https:\/\/www.vevu.hr\/governing-bodies\/"},"modified":"2025-02-18T11:02:30","modified_gmt":"2025-02-18T10:02:30","slug":"governing-bodies","status":"publish","type":"page","link":"https:\/\/www.vevu.hr\/en\/governing-bodies\/","title":{"rendered":"Governing bodies"},"content":{"rendered":"<p><img decoding=\"async\" class=\"alignright wp-image-3639\" src=\"https:\/\/vevu.hr\/wp-content\/uploads\/2021\/08\/0006.jpg\" alt=\"Tijela Veleu\u010dili\u0161ta\" width=\"300\" height=\"448\" srcset=\"https:\/\/www.vevu.hr\/wp-content\/uploads\/2021\/08\/0006.jpg 402w, https:\/\/www.vevu.hr\/wp-content\/uploads\/2021\/08\/0006-201x300.jpg 201w\" sizes=\"(max-width: 300px) 100vw, 300px\" \/><\/p>\n<p><strong>Board of Directors<\/strong><\/p>\n<p data-uw-styling-context=\"true\">1. Assistant Professor dr. sc. Tomislav \u010cengi\u0107, MD &#8211; President<\/p>\n<p data-uw-styling-context=\"true\">2. \u017deljko He\u0107imovi\u0107, mag. ing. silv.<\/p>\n<p data-uw-styling-context=\"true\">3. Ru\u017eica Vu\u010di\u0107, B. Sc. el.<\/p>\n<p data-uw-styling-context=\"true\">4. Dra\u017een Peji\u0107, M. Sc. cin., senior lecturer<\/p>\n<p data-uw-styling-context=\"true\">5. dr. sc. Danijela Romi\u0107, professor of professional study<\/p>\n<p>&nbsp;<\/p>\n<p><strong>Dean<\/strong><\/p>\n<p data-uw-styling-context=\"true\">Assistant Professor dr. sc. \u017deljko Sudari\u0107, professor of professional study<\/p>\n<p>&nbsp;<\/p>\n<p><strong>Council<\/strong><\/p>\n<p>1. Assistant Professor dr. sc. \u017deljko Sudari\u0107, professor of professional study &#8211; Dean<\/p>\n<p>2. Assistant Professor dr. sc. Slobodan Stojanovi\u0107, professor of professional study &#8211; Vice Dean for Business Operations and Cooperation with Businesses<\/p>\n<p>3. Ivan Belaj, mag. iur., senior lecturer &#8211; Vice Dean for Teaching and Students<\/p>\n<p>4. Assistant Professor dr. sc. Sanja Gongeta, professor of professional study &#8211; Vice Dean for Professional and Scientific Research and International Cooperation<\/p>\n<p>5. dr. sc. Borislav Maru\u0161i\u0107, professor of professional study &#8211; Head of Business Department<\/p>\n<p>6. dr. sc. Slavica Jankovi\u0107, professor of professional study &#8211; Head of the Department of Health Studies<\/p>\n<p>7. dr. sc. Danijela Romi\u0107, professor of professional study &#8211; Head of Administrative Department<\/p>\n<p>8. Ivan Kunac, mag. educ. phys. et. inf., lecturer &#8211; President of the Chair of Common Subjects<\/p>\n<p>9. dr. sc. Mira Majstorovi\u0107, lecturer &#8211; Head of the Student Entrepreneurship Incubator<\/p>\n<p>10. Dra\u017een Peji\u0107, mag. cin., senior lecturer. &#8211; Head of the Student Sports Association<\/p>\n<p>11. Stjepan Jelica, mag. physioth., senior lecturer &#8211; Head of the Center for Sports Diagnostics and Recreation<\/p>\n<p>12. Vesna \u0160eper, Ph.D. in Physical Education and Sport, senior lecturer &#8211; Head of the Center for Lifelong Learning<\/p>\n<p>13. dr. sc. \u017deljka Borzan, professor of professional study<\/p>\n<p>14. Assistant Professor dr. sc. Sandra Mrvica Ma\u0111arac, professor of professional study<\/p>\n<p>15. Assistant Professor dr. sc. Gordana Buji\u0161i\u0107, professor of professional study<\/p>\n<p>16. Assistant Professor dr. sc. Mirjana Nedovi\u0107, professor of professional study<\/p>\n<p>17. dr. sc. Neboj\u0161a Ne\u0161i\u0107, professor of professional study<\/p>\n<p>18. dr. sc. Erna Davidovi\u0107 Cvetko, professor of professional study<\/p>\n<p>19. dr. sc. Ana Gavran Luli\u0107, senior lecturer<\/p>\n<p>20. mr. sc. Darija Ivankovi\u0107, senior lecturer<\/p>\n<p>21. Zvonimir Filipovi\u0107, mag. oec., lecturer<\/p>\n<p>22. Vesna Brumni\u0107, dipl. physioth., senior lecturer<\/p>\n<p>23. \u017deljka Vajda Halak, mag. iur., senior lecturer<\/p>\n<p>24. Marko Kunac, mag. cin., lecturer<\/p>\n<p>25. Dorotea Milas, mag. phil. et mag. rel., lecturer<\/p>\n<p>26. Marija Crnkovi\u0107 Kne\u017eevi\u0107, mag. physioth., lecturer<\/p>\n<p>27. Branimir Kurmai\u0107, mag. educ. phil., mag. philol. angl., lecturer<\/p>\n<p>28.\u00a0Tea Dodlek, univ. mag. physioth., lecturer<\/p>\n<p>29. Katarina Kuli\u0107, dipl. oec., lecturer<\/p>\n<p>30. Suzana Dikoni\u0107, mag. iur., lecturer<\/p>\n<p>31. Iva I\u017eakovi\u0107, mag. iur., lecturer<\/p>\n<p>32. Assistant Professor dr. sc. Matej Gali\u0107, professor of professional study<\/p>\n<p>33. Katarina Kova\u010devi\u0107, univ. mag. physioth., lecturer<\/p>\n<p>34. Sanela Schmidt, dipl. iur. (non-teaching staff)<\/p>\n<p>35. Marko Baruk\u010di\u0107 (President of the Student Union)<\/p>\n<p>36. Helen Dumend\u017ei\u0107 (Student Union)<\/p>\n<p>37. Karolina Lali\u0107 (Student Union)<\/p>\n","protected":false},"excerpt":{"rendered":"<p>Board of Directors 1. Assistant Professor dr. sc. Tomislav \u010cengi\u0107, MD &#8211; President 2. \u017deljko He\u0107imovi\u0107, mag. ing. silv. 3. Ru\u017eica Vu\u010di\u0107, B. Sc. el. 4. Dra\u017een Peji\u0107, M. Sc. cin., senior lecturer 5. dr. sc. Danijela Romi\u0107, professor of professional study &nbsp; Dean Assistant Professor dr. sc. \u017deljko Sudari\u0107, professor of professional study &nbsp; [&hellip;]<\/p>\n","protected":false},"author":3,"featured_media":14273,"parent":0,"menu_order":0,"comment_status":"closed","ping_status":"closed","template":"","meta":{"_acf_changed":false,"footnotes":""},"class_list":["post-16313","page","type-page","status-publish","has-post-thumbnail","hentry"],"acf":[],"_links":{"self":[{"href":"https:\/\/www.vevu.hr\/en\/wp-json\/wp\/v2\/pages\/16313","targetHints":{"allow":["GET"]}}],"collection":[{"href":"https:\/\/www.vevu.hr\/en\/wp-json\/wp\/v2\/pages"}],"about":[{"href":"https:\/\/www.vevu.hr\/en\/wp-json\/wp\/v2\/types\/page"}],"author":[{"embeddable":true,"href":"https:\/\/www.vevu.hr\/en\/wp-json\/wp\/v2\/users\/3"}],"replies":[{"embeddable":true,"href":"https:\/\/www.vevu.hr\/en\/wp-json\/wp\/v2\/comments?post=16313"}],"version-history":[{"count":6,"href":"https:\/\/www.vevu.hr\/en\/wp-json\/wp\/v2\/pages\/16313\/revisions"}],"predecessor-version":[{"id":42560,"href":"https:\/\/www.vevu.hr\/en\/wp-json\/wp\/v2\/pages\/16313\/revisions\/42560"}],"wp:featuredmedia":[{"embeddable":true,"href":"https:\/\/www.vevu.hr\/en\/wp-json\/wp\/v2\/media\/14273"}],"wp:attachment":[{"href":"https:\/\/www.vevu.hr\/en\/wp-json\/wp\/v2\/media?parent=16313"}],"curies":[{"name":"wp","href":"https:\/\/api.w.org\/{rel}","templated":true}]}}