{"id":16310,"date":"2021-12-07T10:21:11","date_gmt":"2021-12-07T09:21:11","guid":{"rendered":"https:\/\/www.vevu.hr\/general\/"},"modified":"2024-12-26T09:18:47","modified_gmt":"2024-12-26T08:18:47","slug":"general","status":"publish","type":"page","link":"https:\/\/www.vevu.hr\/en\/general\/","title":{"rendered":"General"},"content":{"rendered":"<p><strong>University of Applied Sciences &#8220;Lavoslav Ru\u017ei\u010dka&#8221; in Vukovar<\/strong><br \/>\nBlage Zadre 2, 32000 Vukovar<br \/>\nTel.: +385 32 444 688<br \/>\nFax: +385 32 444 686<br \/>\nMB 1970828<br \/>\nOIB 21720825730<br \/>\n\u017diro-ra\u010dun br.: 2500009-1102156476<br \/>\n<a href=\"http:\/\/www.vevu.hr\" target=\"_blank\" rel=\"noopener\">http:\/\/www.vevu.hr<\/a><br \/>\ne-mail: <a href=\"mailto:dekanat@vevu.hr\" target=\"_blank\" rel=\"noopener\">dekanat@vevu.hr<\/a><\/p>\n<p>&nbsp;<\/p>\n<p><iframe style=\"width: 510px; height: 620px;\" src=\"https:\/\/maps.google.com\/maps?q=blage%20zadre%202,%20vukovar&amp;t=k&amp;z=16&amp;ie=UTF8&amp;iwloc=&amp;output=embed\" frameborder=\"0\" scrolling=\"no\"><\/iframe><\/p>\n","protected":false},"excerpt":{"rendered":"<p>University of Applied Sciences &#8220;Lavoslav Ru\u017ei\u010dka&#8221; in Vukovar Blage Zadre 2, 32000 Vukovar Tel.: +385 32 444 688 Fax: +385 32 444 686 MB 1970828 OIB 21720825730 \u017diro-ra\u010dun br.: 2500009-1102156476 http:\/\/www.vevu.hr e-mail: dekanat@vevu.hr &nbsp;<\/p>\n","protected":false},"author":3,"featured_media":39020,"parent":0,"menu_order":0,"comment_status":"closed","ping_status":"closed","template":"","meta":{"_acf_changed":false,"footnotes":""},"class_list":["post-16310","page","type-page","status-publish","has-post-thumbnail","hentry"],"acf":[],"_links":{"self":[{"href":"https:\/\/www.vevu.hr\/en\/wp-json\/wp\/v2\/pages\/16310","targetHints":{"allow":["GET"]}}],"collection":[{"href":"https:\/\/www.vevu.hr\/en\/wp-json\/wp\/v2\/pages"}],"about":[{"href":"https:\/\/www.vevu.hr\/en\/wp-json\/wp\/v2\/types\/page"}],"author":[{"embeddable":true,"href":"https:\/\/www.vevu.hr\/en\/wp-json\/wp\/v2\/users\/3"}],"replies":[{"embeddable":true,"href":"https:\/\/www.vevu.hr\/en\/wp-json\/wp\/v2\/comments?post=16310"}],"version-history":[{"count":6,"href":"https:\/\/www.vevu.hr\/en\/wp-json\/wp\/v2\/pages\/16310\/revisions"}],"predecessor-version":[{"id":41590,"href":"https:\/\/www.vevu.hr\/en\/wp-json\/wp\/v2\/pages\/16310\/revisions\/41590"}],"wp:featuredmedia":[{"embeddable":true,"href":"https:\/\/www.vevu.hr\/en\/wp-json\/wp\/v2\/media\/39020"}],"wp:attachment":[{"href":"https:\/\/www.vevu.hr\/en\/wp-json\/wp\/v2\/media?parent=16310"}],"curies":[{"name":"wp","href":"https:\/\/api.w.org\/{rel}","templated":true}]}}